{"id":949,"date":"2017-03-13T00:33:00","date_gmt":"2017-03-12T23:33:00","guid":{"rendered":"http:\/\/updent.upol.cz\/?page_id=949"},"modified":"2025-12-16T19:50:21","modified_gmt":"2025-12-16T18:50:21","slug":"prednasejici","status":"publish","type":"page","link":"https:\/\/www.updent.upol.cz\/index.php\/prednasejici\/","title":{"rendered":"P\u0159edn\u00e1\u0161ej\u00edc\u00ed"},"content":{"rendered":"<p>[vc_row][vc_column][vc_column_text]<\/p>\n<p class=\"p1\">Letos se m\u016f\u017eete t\u011b\u0161it na tato jm\u00e9na:<\/p>\n<p>[\/vc_column_text][\/vc_column][\/vc_row][vc_row][vc_column][vc_text_separator title=&#8220;P\u0158EDN\u00c1\u0160EJ\u00cdC\u00cd&#8220; style=&#8220;double&#8220;][\/vc_column][\/vc_row][vc_row][vc_column][vc_text_separator title=&#8220;&#8220; style=&#8220;dotted&#8220;][\/vc_column][\/vc_row][vc_row][vc_column width=&#8220;1\/3&#8243;][vc_single_image image=&#8220;2407&#8243;][\/vc_column][vc_column width=&#8220;2\/3&#8243;][vc_column_text]<b>Mgr. MUDr. Veronika Kr\u00e1l\u00edkov\u00e1<\/b><\/p>\n<p><span style=\"font-weight: 400;\">Veronika je absolventkou v\u0161eobecn\u00e9ho l\u00e9ka\u0159stv\u00ed Univerzity Palack\u00e9ho a dr\u017eitelkou atestace v soudn\u00edm l\u00e9ka\u0159stv\u00ed.<\/p>\n<p>Po promoci v\u0161ak u medic\u00edny neskon\u010dila \u2014 naopak si k n\u00ed p\u0159idala je\u0161t\u011b studium pr\u00e1va. V\u00fdsledkem je kombinace, kter\u00e1 ji dnes \u017eiv\u00ed i bav\u00ed: rozum\u00ed tomu, jak zdravotnictv\u00ed funguje \u201euvnit\u0159\u201c, a z\u00e1rove\u0148 v\u00ed, co na to \u0159\u00edk\u00e1 legislativa.<\/span><\/p>\n<p><span style=\"font-weight: 400;\">Ve sv\u00e9 pr\u00e1vnick\u00e9 praxi se zam\u011b\u0159uje hlavn\u011b na podporu poskytovatel\u016f zdravotn\u00edch slu\u017eeb \u2014 od prevence pr\u00e1vn\u00edch rizik, p\u0159es nastaven\u00ed proces\u016f, a\u017e po \u0159e\u0161en\u00ed situac\u00ed, kdy u\u017e je pozd\u011b na hypotetick\u00e9 \u00favahy.<\/p>\n<p>P\u016fsob\u00ed v soudn\u011bl\u00e9ka\u0159sk\u00e9 praxi, a vyu\u010duje medic\u00ednsk\u00e9 pr\u00e1vo na L\u00e9ka\u0159sk\u00e9 fakult\u011b Univerzity Palack\u00e9ho. V\u011bnuje se tak\u00e9 popularizaci medic\u00ednsk\u00e9ho pr\u00e1va prost\u0159ednictv\u00edm projektu <\/span><i><span style=\"font-weight: 400;\">L\u00e9ka\u0159 na paragrafech<\/span><\/i><span style=\"font-weight: 400;\">.<\/span><\/p>\n<p><span style=\"font-weight: 400;\">Ve sv\u00e9 p\u0159edn\u00e1\u0161ce \u201eMysli pr\u00e1vn\u011b, jednej l\u00e9ka\u0159sky\u201c uk\u00e1\u017ee, kde se v praxi zuba\u0159\u016f nej\u010dast\u011bji l\u00e1me dobr\u00e1 v\u016fle a \u0161patn\u00e1 dokumentace, jak se vyhnout zbyte\u010dn\u00fdm konflikt\u016fm s pacienty i \u00fa\u0159ady a pro\u010d je pr\u00e1vn\u00ed my\u0161len\u00ed nenahraditelnou sou\u010d\u00e1st\u00ed modern\u00ed klinick\u00e9 p\u00e9\u010de.<\/span><\/p>\n<p><br style=\"font-weight: 400;\" \/><br style=\"font-weight: 400;\" \/>[\/vc_column_text][\/vc_column][\/vc_row][vc_row][vc_column width=&#8220;1\/3&#8243;][vc_single_image image=&#8220;2405&#8243;][vc_single_image image=&#8220;2262&#8243;][\/vc_column][vc_column width=&#8220;2\/3&#8243;][vc_column_text][\/vc_column_text][vc_column_text]<strong>Prof. Albert Waning<\/strong><\/p>\n<p>Po studiu pedagogiky a komunikace pracoval 42 let v zubn\u00edm pr\u016fmyslu, kde p\u0159ednesl v\u00edce ne\u017e 3000 p\u0159edn\u00e1\u0161ek v 55 zem\u00edch a specializoval se na komunika\u010dn\u00ed \u0161kolen\u00ed a kou\u010dov\u00e1n\u00ed.[\/vc_column_text][\/vc_column][\/vc_row][vc_row][vc_column width=&#8220;1\/3&#8243;][vc_single_image image=&#8220;2262&#8243;][\/vc_column][vc_column width=&#8220;2\/3&#8243;][vc_column_text][\/vc_column_text][vc_column_text][\/vc_column_text][\/vc_column][\/vc_row][vc_row][vc_column width=&#8220;1\/3&#8243;][vc_single_image image=&#8220;2262&#8243;][\/vc_column][vc_column width=&#8220;2\/3&#8243;][vc_column_text][\/vc_column_text][\/vc_column][\/vc_row][vc_row][vc_column width=&#8220;1\/3&#8243;][vc_single_image image=&#8220;2262&#8243;][\/vc_column][vc_column width=&#8220;2\/3&#8243;][vc_column_text][\/vc_column_text][\/vc_column][\/vc_row][vc_row][vc_column width=&#8220;1\/3&#8243;][vc_single_image image=&#8220;2262&#8243;][\/vc_column][vc_column width=&#8220;2\/3&#8243;][vc_column_text][\/vc_column_text][vc_column_text][\/vc_column_text][\/vc_column][\/vc_row][vc_row][vc_column width=&#8220;1\/3&#8243;][vc_single_image image=&#8220;2262&#8243;][\/vc_column][vc_column width=&#8220;2\/3&#8243;][vc_column_text][\/vc_column_text][\/vc_column][\/vc_row][vc_row][vc_column width=&#8220;1\/3&#8243;][vc_single_image image=&#8220;2262&#8243;][\/vc_column][vc_column width=&#8220;2\/3&#8243;][vc_column_text][\/vc_column_text][\/vc_column][\/vc_row][vc_row][vc_column][vc_text_separator title=&#8220;&#8220; style=&#8220;dotted&#8220;][\/vc_column][\/vc_row][vc_row][vc_column width=&#8220;1\/3&#8243;][vc_single_image image=&#8220;2262&#8243;][\/vc_column][vc_column width=&#8220;2\/3&#8243;][vc_column_text][\/vc_column_text][\/vc_column][\/vc_row][vc_row][vc_column][vc_text_separator title=&#8220;MODER\u00c1TO\u0158I&#8220; style=&#8220;double&#8220;][\/vc_column][\/vc_row][vc_row][vc_column width=&#8220;1\/3&#8243;][vc_single_image image=&#8220;2342&#8243;][\/vc_column][vc_column width=&#8220;2\/3&#8243;][vc_column_text][\/vc_column_text][vc_column_text]<span style=\"font-weight: 400;\">Pani doktorka absolvovala v\u00a0roce 2007 Stomatologickou fakultu Ta\u0161kentsk\u00e9 l\u00e9ka\u0159sk\u00e9 akademie (republika Uzbekist\u00e1n). <\/span><\/p>\n<p><span style=\"font-weight: 400;\">Od roku 2009 pracuje na konzerva\u010dn\u00edm odd\u011blen\u00ed Kliniky zubn\u00edho l\u00e9ka\u0159stv\u00ed LF UP a FN v\u00a0Olomouci. Od roku 2020 zast\u00e1v\u00e1 pozici vedouc\u00ed l\u00e9ka\u0159ky konzerva\u010dn\u00edho odd\u011blen\u00ed KZL LF UP a FN v\u00a0Olomouci. <\/span><\/p>\n<p><span style=\"font-weight: 400;\">Ve sv\u00e9 denn\u00ed praxi se v\u011bnuje z\u00e1chovn\u00e9 stomatologii, ale tak\u00e9 i prim\u00e1rn\u00ed prevenci. <\/span><\/p>\n<p><span style=\"font-weight: 400;\">Vede teoretickou a praktickou v\u00fduku student\u016f zubn\u00edho l\u00e9ka\u0159stv\u00ed v\u010detn\u011b v\u00fduky zahrani\u010dn\u00edch student\u016f. Vyu\u010duje na Fakult\u011b zdravotnick\u00fdch v\u011bd UP v\u00a0Olomouci. <\/span><\/p>\n<p><span style=\"font-weight: 400;\">Je autorkou a spoluautorkou \u0159ady odborn\u00fdch publikac\u00ed a p\u0159edn\u00e1\u0161ek. Je \u010dlenkou redak\u010dn\u00ed rady \u010dasopisu \u010cesk\u00e1 stomatologie a praktick\u00e9 zubn\u00ed l\u00e9ka\u0159stv\u00ed. <\/span><\/p>\n<p><span style=\"font-weight: 400;\">Je v\u011bdeck\u00fdm sekret\u00e1\u0159em a \u010dlenem organiza\u010dn\u00edho v\u00fdboru ka\u017edoro\u010dn\u00edch stomatologick\u00fdch kongres\u016f Dens Sanus Olomucensis a \u00dasm\u011bv.\u00a0<\/span><\/p>\n<p>&nbsp;[\/vc_column_text][\/vc_column][\/vc_row][vc_row][vc_column width=&#8220;1\/3&#8243;][vc_single_image image=&#8220;2341&#8243;][\/vc_column][vc_column width=&#8220;2\/3&#8243;][vc_column_text][\/vc_column_text][vc_column_text]<span style=\"font-weight: 400;\">Pan\u00ed doktorka ukon\u010dila studium zubn\u00edho l\u00e9ka\u0159stv\u00ed na L\u00e9ka\u0159sk\u00e9 fakult\u011b Univerzity Palack\u00e9ho v Olomouci v roce 2004 a pot\u00e9 za\u010dala pracovat na Klinice \u00fastn\u00ed, \u010delistn\u00ed a obli\u010dejov\u00e9 chirurgie LF UP a FNOL jako odborn\u00e1 asistentka a l\u00e9ka\u0159ka. <\/span><\/p>\n<p><span style=\"font-weight: 400;\">V roce 2012 ukon\u010dila postgradu\u00e1ln\u00ed studium a od t\u00e9ho\u017e roku je tak\u00e9 z\u00e1stupkyn\u00ed p\u0159ednosty kliniky pro v\u00fduku. Od roku 2016 pat\u0159\u00ed mezi \u010dleny nutri\u010dn\u00edho t\u00fdmu FNOL. Aktivn\u011b i pasivn\u011b se \u00fa\u010dastn\u00ed konferenc\u00ed u n\u00e1s i v zahrani\u010d\u00ed. <\/span><\/p>\n<p><span style=\"font-weight: 400;\">Je autorkou a spoluautorkou publikac\u00ed v recenzovan\u00fdch \u010dasopisech, \u010dasopisech s IF i odborn\u00fdch knih\u00e1ch. Absolvovala kurzy a st\u00e1\u017ee v r\u00e1mci p\u0159edatesta\u010dn\u00ed p\u0159\u00edpravy v oboru or\u00e1ln\u00ed a maxilofaci\u00e1ln\u00ed chirurgie, v roce 2023 \u00fasp\u011b\u0161n\u011b odatestovala a stala se tak prvn\u00ed \u017eenou olomouck\u00e9 kliniky s touto atestac\u00ed (od jej\u00edho zalo\u017een\u00ed v roce 1947). <\/span><\/p>\n<p><span style=\"font-weight: 400;\">Je \u010dlenkou Spole\u010dnosti maxilofaci\u00e1ln\u00ed chirurgie a Spole\u010dnosti klinick\u00e9 v\u00fd\u017eivy a intenzivn\u00ed metabolick\u00e9 p\u00e9\u010de \u010cLS JEP.<\/span><\/p>\n<p><span style=\"font-weight: 400;\">Jej\u00ed lidsk\u00fd p\u0159\u00edstup a obl\u00edbenost u student\u016f v r\u00e1mci v\u00fduky or\u00e1ln\u00ed chirurgie, klinick\u00e9 farmakologie a topografick\u00e9 anatomie byly ocen\u011bny studenty cenou za nejlep\u0161\u00edho vysoko\u0161kolsk\u00e9ho pedagoga zubn\u00edho l\u00e9ka\u0159stv\u00ed LF UP v akademick\u00e9m roce 2020\/2021.<\/span><\/p>\n<p>&nbsp;[\/vc_column_text][\/vc_column][\/vc_row][vc_row][vc_column][\/vc_column][\/vc_row][vc_row][vc_column][\/vc_column][\/vc_row]<\/p>\n","protected":false},"excerpt":{"rendered":"<p>[vc_row][vc_column][vc_column_text] Letos se m\u016f\u017eete t\u011b\u0161it na tato jm\u00e9na: [\/vc_column_text][\/vc_column][\/vc_row][vc_row][vc_column][vc_text_separator title=&#8220;P\u0158EDN\u00c1\u0160EJ\u00cdC\u00cd&#8220; style=&#8220;double&#8220;][\/vc_column][\/vc_row][vc_row][vc_column][vc_text_separator title=&#8220;&#8220; style=&#8220;dotted&#8220;][\/vc_column][\/vc_row][vc_row][vc_column width=&#8220;1\/3&#8243;][vc_single_image image=&#8220;2407&#8243;][\/vc_column][vc_column width=&#8220;2\/3&#8243;][vc_column_text]Mgr. MUDr. Veronika Kr\u00e1l\u00edkov\u00e1 Veronika je absolventkou v\u0161eobecn\u00e9ho l\u00e9ka\u0159stv\u00ed Univerzity Palack\u00e9ho a dr\u017eitelkou atestace v soudn\u00edm l\u00e9ka\u0159stv\u00ed. Po promoci v\u0161ak u medic\u00edny neskon\u010dila \u2014 naopak si k n\u00ed p\u0159idala je\u0161t\u011b studium pr\u00e1va. V\u00fdsledkem je kombinace, kter\u00e1 ji dnes \u017eiv\u00ed i [&hellip;]<\/p>\n","protected":false},"author":1,"featured_media":0,"parent":0,"menu_order":0,"comment_status":"closed","ping_status":"closed","template":"","meta":{"footnotes":""},"class_list":["post-949","page","type-page","status-publish","hentry"],"_links":{"self":[{"href":"https:\/\/www.updent.upol.cz\/index.php\/wp-json\/wp\/v2\/pages\/949","targetHints":{"allow":["GET"]}}],"collection":[{"href":"https:\/\/www.updent.upol.cz\/index.php\/wp-json\/wp\/v2\/pages"}],"about":[{"href":"https:\/\/www.updent.upol.cz\/index.php\/wp-json\/wp\/v2\/types\/page"}],"author":[{"embeddable":true,"href":"https:\/\/www.updent.upol.cz\/index.php\/wp-json\/wp\/v2\/users\/1"}],"replies":[{"embeddable":true,"href":"https:\/\/www.updent.upol.cz\/index.php\/wp-json\/wp\/v2\/comments?post=949"}],"version-history":[{"count":166,"href":"https:\/\/www.updent.upol.cz\/index.php\/wp-json\/wp\/v2\/pages\/949\/revisions"}],"predecessor-version":[{"id":2411,"href":"https:\/\/www.updent.upol.cz\/index.php\/wp-json\/wp\/v2\/pages\/949\/revisions\/2411"}],"wp:attachment":[{"href":"https:\/\/www.updent.upol.cz\/index.php\/wp-json\/wp\/v2\/media?parent=949"}],"curies":[{"name":"wp","href":"https:\/\/api.w.org\/{rel}","templated":true}]}}