{"id":491,"date":"2016-07-19T12:58:33","date_gmt":"2016-07-19T11:58:33","guid":{"rendered":"http:\/\/updent.upol.cz\/?page_id=491"},"modified":"2025-12-16T19:21:17","modified_gmt":"2025-12-16T18:21:17","slug":"tym","status":"publish","type":"page","link":"https:\/\/www.updent.upol.cz\/index.php\/tym\/","title":{"rendered":"T\u00fdm"},"content":{"rendered":"<p>[vc_row][vc_column][vc_text_separator title=&#8220;T\u00ddM UPDENT 2026&#8243;][\/vc_column][\/vc_row][vc_row][vc_column width=&#8220;1\/3&#8243;][\/vc_column][vc_column width=&#8220;1\/3&#8243;][vc_single_image image=&#8220;2400&#8243; add_caption=&#8220;yes&#8220; el_class=&#8220;T\u00fdm UPdent&#8220;][\/vc_column][vc_column width=&#8220;1\/3&#8243;][\/vc_column][\/vc_row][vc_row css=&#8220;.vc_custom_1638624854269{margin-top: 0px !important;margin-right: 0px !important;margin-bottom: 0px !important;margin-left: 0px !important;border-top-width: 0px !important;border-right-width: 0px !important;border-bottom-width: 0px !important;border-left-width: 0px !important;padding-top: 0px !important;padding-right: 0px !important;padding-bottom: 0px !important;padding-left: 0px !important;}&#8220;][vc_column][vc_text_separator title=&#8220;HLAVN\u00cd ORGANIZ\u00c1TORKA&#8220; border_width=&#8220;3&#8243;][\/vc_column][\/vc_row][vc_row][vc_column width=&#8220;1\/3&#8243;][\/vc_column][vc_column width=&#8220;1\/3&#8243;][vc_single_image image=&#8220;2396&#8243; add_caption=&#8220;yes&#8220; el_class=&#8220;Eli\u0161ka Surmov\u00e1&#8220; title=&#8220;Al\u017eb\u011bta Pra\u017e\u00e1kov\u00e1&#8220;][\/vc_column][vc_column width=&#8220;1\/3&#8243;][\/vc_column][\/vc_row][vc_row][vc_column width=&#8220;1\/3&#8243;][\/vc_column][vc_column width=&#8220;1\/3&#8243;][\/vc_column][\/vc_row][vc_row][vc_column][vc_text_separator title=&#8220;SPONZORING&#8220;][\/vc_column][\/vc_row][vc_row][vc_column width=&#8220;1\/4&#8243;][vc_single_image image=&#8220;2398&#8243; title=&#8220;Christine Langrov\u00e1&#8220;][\/vc_column][vc_column width=&#8220;1\/4&#8243;][vc_single_image image=&#8220;2397&#8243; title=&#8220;Adam Paz\u00farik&#8220;][\/vc_column][vc_column width=&#8220;1\/4&#8243;][vc_single_image image=&#8220;2393&#8243; add_caption=&#8220;yes&#8220; el_class=&#8220;Michal Hasala&#8220; title=&#8220;Peter Janotta&#8220;][\/vc_column][vc_column width=&#8220;1\/4&#8243;][vc_single_image image=&#8220;2394&#8243; title=&#8220;Paul\u00edna Kubincov\u00e1&#8220;][\/vc_column][\/vc_row][vc_row][vc_column width=&#8220;1\/2&#8243;][\/vc_column][vc_column width=&#8220;1\/2&#8243;][\/vc_column][\/vc_row][vc_row][vc_column][vc_text_separator title=&#8220;SOCI\u00c1LN\u00cd S\u00cdT\u011a&#8220;][\/vc_column][\/vc_row][vc_row][vc_column width=&#8220;1\/3&#8243;][\/vc_column][vc_column width=&#8220;1\/3&#8243;][vc_single_image image=&#8220;2395&#8243; title=&#8220;Leona Lys\u00e1kov\u00e1&#8220;][\/vc_column][vc_column width=&#8220;1\/3&#8243;][\/vc_column][\/vc_row][vc_row][vc_column][vc_text_separator title=&#8220;FOTOGRAFIE A GRAFIKA&#8220;][\/vc_column][\/vc_row][vc_row][vc_column width=&#8220;1\/3&#8243;][\/vc_column][vc_column width=&#8220;1\/3&#8243;][vc_single_image image=&#8220;2392&#8243; add_caption=&#8220;yes&#8220; el_class=&#8220;Viktorie Rach\u016fnkov\u00e1&#8220; title=&#8220;Veronika Kov\u00e1\u010dov\u00e1&#8220;][\/vc_column][vc_column width=&#8220;1\/3&#8243;][\/vc_column][\/vc_row]<\/p>\n","protected":false},"excerpt":{"rendered":"<p>[vc_row][vc_column][vc_text_separator title=&#8220;T\u00ddM UPDENT 2026&#8243;][\/vc_column][\/vc_row][vc_row][vc_column width=&#8220;1\/3&#8243;][\/vc_column][vc_column width=&#8220;1\/3&#8243;][vc_single_image image=&#8220;2400&#8243; add_caption=&#8220;yes&#8220; el_class=&#8220;T\u00fdm UPdent&#8220;][\/vc_column][vc_column width=&#8220;1\/3&#8243;][\/vc_column][\/vc_row][vc_row css=&#8220;.vc_custom_1638624854269{margin-top: 0px !important;margin-right: 0px !important;margin-bottom: 0px !important;margin-left: 0px !important;border-top-width: 0px !important;border-right-width: 0px !important;border-bottom-width: 0px !important;border-left-width: 0px !important;padding-top: 0px !important;padding-right: 0px !important;padding-bottom: 0px !important;padding-left: 0px !important;}&#8220;][vc_column][vc_text_separator title=&#8220;HLAVN\u00cd ORGANIZ\u00c1TORKA&#8220; border_width=&#8220;3&#8243;][\/vc_column][\/vc_row][vc_row][vc_column width=&#8220;1\/3&#8243;][\/vc_column][vc_column width=&#8220;1\/3&#8243;][vc_single_image image=&#8220;2396&#8243; add_caption=&#8220;yes&#8220; el_class=&#8220;Eli\u0161ka Surmov\u00e1&#8220; title=&#8220;Al\u017eb\u011bta Pra\u017e\u00e1kov\u00e1&#8220;][\/vc_column][vc_column width=&#8220;1\/3&#8243;][\/vc_column][\/vc_row][vc_row][vc_column width=&#8220;1\/3&#8243;][\/vc_column][vc_column width=&#8220;1\/3&#8243;][\/vc_column][\/vc_row][vc_row][vc_column][vc_text_separator title=&#8220;SPONZORING&#8220;][\/vc_column][\/vc_row][vc_row][vc_column width=&#8220;1\/4&#8243;][vc_single_image image=&#8220;2398&#8243; title=&#8220;Christine Langrov\u00e1&#8220;][\/vc_column][vc_column [&hellip;]<\/p>\n","protected":false},"author":1,"featured_media":0,"parent":0,"menu_order":0,"comment_status":"closed","ping_status":"closed","template":"","meta":{"footnotes":""},"class_list":["post-491","page","type-page","status-publish","hentry"],"_links":{"self":[{"href":"https:\/\/www.updent.upol.cz\/index.php\/wp-json\/wp\/v2\/pages\/491","targetHints":{"allow":["GET"]}}],"collection":[{"href":"https:\/\/www.updent.upol.cz\/index.php\/wp-json\/wp\/v2\/pages"}],"about":[{"href":"https:\/\/www.updent.upol.cz\/index.php\/wp-json\/wp\/v2\/types\/page"}],"author":[{"embeddable":true,"href":"https:\/\/www.updent.upol.cz\/index.php\/wp-json\/wp\/v2\/users\/1"}],"replies":[{"embeddable":true,"href":"https:\/\/www.updent.upol.cz\/index.php\/wp-json\/wp\/v2\/comments?post=491"}],"version-history":[{"count":90,"href":"https:\/\/www.updent.upol.cz\/index.php\/wp-json\/wp\/v2\/pages\/491\/revisions"}],"predecessor-version":[{"id":2401,"href":"https:\/\/www.updent.upol.cz\/index.php\/wp-json\/wp\/v2\/pages\/491\/revisions\/2401"}],"wp:attachment":[{"href":"https:\/\/www.updent.upol.cz\/index.php\/wp-json\/wp\/v2\/media?parent=491"}],"curies":[{"name":"wp","href":"https:\/\/api.w.org\/{rel}","templated":true}]}}