{"id":469,"date":"2016-07-18T11:57:24","date_gmt":"2016-07-18T10:57:24","guid":{"rendered":"http:\/\/updent.upol.cz\/?page_id=469"},"modified":"2025-12-15T18:38:20","modified_gmt":"2025-12-15T17:38:20","slug":"program","status":"publish","type":"page","link":"https:\/\/www.updent.upol.cz\/index.php\/program\/","title":{"rendered":"Program"},"content":{"rendered":"<p>[vc_row][vc_column][vc_column_text]Program moment\u00e1ln\u011b lad\u00edme. Zat\u00edm se m\u016f\u017eete pod\u00edvat, jak to vypadalo minul\u00fd rok[\/vc_column_text][\/vc_column][\/vc_row][vc_row][vc_column][vc_single_image image=&#8220;2350&#8243; alignment=&#8220;center&#8220;][\/vc_column][\/vc_row][vc_row][vc_column][vc_column_text]<span style=\"font-family: georgia, palatino; font-size: 16px;\">Pro dotazov\u00e1n\u00ed p\u0159edn\u00e1\u0161ej\u00edc\u00edch se bude pou\u017e\u00edvat SLIDO. Stay tuned!<\/span>[\/vc_column_text][\/vc_column][\/vc_row][vc_row][vc_column width=&#8220;1\/3&#8243;][vc_single_image image=&#8220;2233&#8243; onclick=&#8220;custom_link&#8220; link=&#8220;https:\/\/app.sli.do\/event\/huQ4hveweednse9Z7dwbQS\/live\/questions?clusterId=eu1&#8243;][\/vc_column][vc_column width=&#8220;1\/3&#8243;][\/vc_column][vc_column width=&#8220;1\/3&#8243;][vc_single_image image=&#8220;2352&#8243;][\/vc_column][\/vc_row]<\/p>\n","protected":false},"excerpt":{"rendered":"<p>[vc_row][vc_column][vc_column_text]Program moment\u00e1ln\u011b lad\u00edme. Zat\u00edm se m\u016f\u017eete pod\u00edvat, jak to vypadalo minul\u00fd rok[\/vc_column_text][\/vc_column][\/vc_row][vc_row][vc_column][vc_single_image image=&#8220;2350&#8243; alignment=&#8220;center&#8220;][\/vc_column][\/vc_row][vc_row][vc_column][vc_column_text]Pro dotazov\u00e1n\u00ed p\u0159edn\u00e1\u0161ej\u00edc\u00edch se bude pou\u017e\u00edvat SLIDO. Stay tuned![\/vc_column_text][\/vc_column][\/vc_row][vc_row][vc_column width=&#8220;1\/3&#8243;][vc_single_image image=&#8220;2233&#8243; onclick=&#8220;custom_link&#8220; link=&#8220;https:\/\/app.sli.do\/event\/huQ4hveweednse9Z7dwbQS\/live\/questions?clusterId=eu1&#8243;][\/vc_column][vc_column width=&#8220;1\/3&#8243;][\/vc_column][vc_column width=&#8220;1\/3&#8243;][vc_single_image image=&#8220;2352&#8243;][\/vc_column][\/vc_row]<\/p>\n","protected":false},"author":1,"featured_media":0,"parent":0,"menu_order":0,"comment_status":"closed","ping_status":"closed","template":"","meta":{"footnotes":""},"class_list":["post-469","page","type-page","status-publish","hentry"],"_links":{"self":[{"href":"https:\/\/www.updent.upol.cz\/index.php\/wp-json\/wp\/v2\/pages\/469","targetHints":{"allow":["GET"]}}],"collection":[{"href":"https:\/\/www.updent.upol.cz\/index.php\/wp-json\/wp\/v2\/pages"}],"about":[{"href":"https:\/\/www.updent.upol.cz\/index.php\/wp-json\/wp\/v2\/types\/page"}],"author":[{"embeddable":true,"href":"https:\/\/www.updent.upol.cz\/index.php\/wp-json\/wp\/v2\/users\/1"}],"replies":[{"embeddable":true,"href":"https:\/\/www.updent.upol.cz\/index.php\/wp-json\/wp\/v2\/comments?post=469"}],"version-history":[{"count":132,"href":"https:\/\/www.updent.upol.cz\/index.php\/wp-json\/wp\/v2\/pages\/469\/revisions"}],"predecessor-version":[{"id":2387,"href":"https:\/\/www.updent.upol.cz\/index.php\/wp-json\/wp\/v2\/pages\/469\/revisions\/2387"}],"wp:attachment":[{"href":"https:\/\/www.updent.upol.cz\/index.php\/wp-json\/wp\/v2\/media?parent=469"}],"curies":[{"name":"wp","href":"https:\/\/api.w.org\/{rel}","templated":true}]}}