{"id":421,"date":"2016-07-14T14:50:44","date_gmt":"2016-07-14T13:50:44","guid":{"rendered":"http:\/\/updent.upol.cz\/?page_id=421"},"modified":"2026-02-27T22:12:28","modified_gmt":"2026-02-27T21:12:28","slug":"partneri","status":"publish","type":"page","link":"https:\/\/www.updent.upol.cz\/index.php\/partneri\/","title":{"rendered":"Partne\u0159i"},"content":{"rendered":"<p>[vc_row][vc_column][vc_column_text]<\/p>\n<p style=\"text-align: justify;\">D\u011bkujeme v\u0161em partner\u016fm leto\u0161n\u00edho kongresu za finan\u010dn\u00ed i materi\u00e1ln\u00ed podporu, bez kter\u00e9 by se UPdent 2026 nikdy nemohl uskute\u010dnit.<\/p>\n<p>[\/vc_column_text][\/vc_column][\/vc_row][vc_row][vc_column][vc_text_separator title=&#8220;ZLAT\u00dd PARTNER&#8220;][\/vc_column][\/vc_row][vc_row][vc_column width=&#8220;1\/6&#8243;][\/vc_column][vc_column width=&#8220;2\/3&#8243;][vc_single_image image=&#8220;2291&#8243; alignment=&#8220;center&#8220; onclick=&#8220;custom_link&#8220; link=&#8220;https:\/\/www.odonto.cz\/&#8220;][\/vc_column][vc_column width=&#8220;1\/6&#8243;][\/vc_column][\/vc_row][vc_row][vc_column][vc_text_separator title=&#8220;ST\u0158\u00cdBRN\u00dd PARTNER&#8220;][\/vc_column][\/vc_row][vc_row][vc_column width=&#8220;1\/3&#8243;][vc_single_image image=&#8220;2389&#8243; onclick=&#8220;custom_link&#8220; link=&#8220;https:\/\/www.blancone.cz&#8220;][\/vc_column][vc_column width=&#8220;1\/3&#8243;][vc_single_image image=&#8220;2426&#8243; onclick=&#8220;custom_link&#8220; link=&#8220;https:\/\/www.brumaba.com&#8220;][\/vc_column][vc_column width=&#8220;1\/3&#8243;][vc_single_image image=&#8220;2319&#8243; alignment=&#8220;center&#8220; onclick=&#8220;custom_link&#8220; link=&#8220;https:\/\/www.kavo.com\/cs-cz&#8220;][\/vc_column][\/vc_row][vc_row][vc_column width=&#8220;1\/3&#8243;][vc_single_image image=&#8220;2427&#8243; onclick=&#8220;custom_link&#8220; link=&#8220;https:\/\/dentalproject.cz&#8220;][\/vc_column][vc_column width=&#8220;1\/3&#8243;][vc_single_image image=&#8220;2428&#8243; onclick=&#8220;custom_link&#8220; link=&#8220;https:\/\/www.prodenta.cz&#8220;][vc_single_image image=&#8220;2430&#8243; onclick=&#8220;custom_link&#8220; link=&#8220;https:\/\/www.listerine.cz&#8220;][\/vc_column][vc_column width=&#8220;1\/3&#8243;][vc_single_image image=&#8220;2429&#8243; onclick=&#8220;custom_link&#8220; link=&#8220;https:\/\/www.sensodyne.cz&#8220;][\/vc_column][\/vc_row][vc_row][vc_column][vc_text_separator title=&#8220;BRONZOV\u00dd PARTNER&#8220;][\/vc_column][\/vc_row][vc_row][vc_column width=&#8220;1\/3&#8243;][vc_single_image image=&#8220;2299&#8243; onclick=&#8220;custom_link&#8220; link=&#8220;https:\/\/www.mytreedk.cz\/&#8220;][\/vc_column][vc_column width=&#8220;1\/3&#8243;][vc_single_image image=&#8220;2301&#8243; onclick=&#8220;custom_link&#8220; link=&#8220;https:\/\/www.dentsplysirona.com\/cs-cz.html&#8220;][\/vc_column][vc_column width=&#8220;1\/3&#8243;][vc_single_image image=&#8220;2321&#8243; onclick=&#8220;custom_link&#8220; link=&#8220;https:\/\/www.colgateprofessional.cz\/#&#8220;][\/vc_column][\/vc_row][vc_row][vc_column width=&#8220;1\/3&#8243;][vc_single_image image=&#8220;2316&#8243; onclick=&#8220;custom_link&#8220; link=&#8220;https:\/\/www.curaprox.cz\/&#8220;][\/vc_column][vc_column width=&#8220;1\/3&#8243;][vc_single_image image=&#8220;2417&#8243; onclick=&#8220;custom_link&#8220; link=&#8220;https:\/\/www.dentasun.com&#8220;][\/vc_column][vc_column width=&#8220;1\/3&#8243;][vc_single_image image=&#8220;2293&#8243; onclick=&#8220;custom_link&#8220; link=&#8220;https:\/\/www.profimed.cz&#8220;][\/vc_column][\/vc_row][vc_row][vc_column width=&#8220;1\/3&#8243;][vc_single_image image=&#8220;2418&#8243; alignment=&#8220;center&#8220; onclick=&#8220;custom_link&#8220; link=&#8220;https:\/\/www.spokar.com&#8220;][\/vc_column][vc_column width=&#8220;1\/3&#8243;][vc_single_image image=&#8220;2419&#8243; onclick=&#8220;custom_link&#8220; link=&#8220;https:\/\/www.eyedent.cz&#8220;][vc_single_image image=&#8220;2422&#8243; onclick=&#8220;custom_link&#8220; link=&#8220;https:\/\/www.justdent.cz&#8220;][\/vc_column][vc_column width=&#8220;1\/3&#8243;][vc_single_image image=&#8220;2420&#8243; onclick=&#8220;custom_link&#8220; link=&#8220;https:\/\/www.duerrdental.com\/cs\/CZ\/duerr-dental-cesko-a-slovensko\/&#8220;][\/vc_column][\/vc_row][vc_row][vc_column][vc_text_separator title=&#8220;PARTNER REGISTRACE&#8220;][\/vc_column][\/vc_row][vc_row][vc_column width=&#8220;1\/2&#8243;][vc_single_image image=&#8220;2424&#8243; onclick=&#8220;custom_link&#8220; link=&#8220;https:\/\/www.xdent.cz&#8220;][\/vc_column][vc_column width=&#8220;1\/2&#8243;][vc_single_image image=&#8220;2262&#8243; onclick=&#8220;custom_link&#8220; link=&#8220;https:\/\/www.sensodyne.cz\/&#8220;][vc_single_image image=&#8220;2262&#8243;][\/vc_column][\/vc_row][vc_row][vc_column][vc_text_separator title=&#8220;&#8220;][\/vc_column][\/vc_row][vc_row][vc_column][vc_text_separator title=&#8220;KAV\u00c1RNA&#8220;][\/vc_column][\/vc_row][vc_row][vc_column][vc_single_image image=&#8220;2432&#8243; alignment=&#8220;center&#8220; onclick=&#8220;custom_link&#8220; link=&#8220;https:\/\/black-coffee.cz&#8220;][\/vc_column][\/vc_row][vc_row][vc_column][vc_text_separator title=&#8220;D\u011aKUJEME&#8220;][\/vc_column][\/vc_row][vc_row][vc_column width=&#8220;1\/3&#8243;][\/vc_column][vc_column width=&#8220;1\/3&#8243;][vc_single_image image=&#8220;2141&#8243; onclick=&#8220;custom_link&#8220; link=&#8220;https:\/\/www.lf.upol.cz\/&#8220;][vc_single_image image=&#8220;2179&#8243; onclick=&#8220;custom_link&#8220; link=&#8220;https:\/\/www.solen.cz\/&#8220;][\/vc_column][vc_column width=&#8220;1\/3&#8243;][\/vc_column][\/vc_row]<\/p>\n","protected":false},"excerpt":{"rendered":"<p>[vc_row][vc_column][vc_column_text] D\u011bkujeme v\u0161em partner\u016fm leto\u0161n\u00edho kongresu za finan\u010dn\u00ed i materi\u00e1ln\u00ed podporu, bez kter\u00e9 by se UPdent 2026 nikdy nemohl uskute\u010dnit. [\/vc_column_text][\/vc_column][\/vc_row][vc_row][vc_column][vc_text_separator title=&#8220;ZLAT\u00dd PARTNER&#8220;][\/vc_column][\/vc_row][vc_row][vc_column width=&#8220;1\/6&#8243;][\/vc_column][vc_column width=&#8220;2\/3&#8243;][vc_single_image image=&#8220;2291&#8243; alignment=&#8220;center&#8220; onclick=&#8220;custom_link&#8220; link=&#8220;https:\/\/www.odonto.cz\/&#8220;][\/vc_column][vc_column width=&#8220;1\/6&#8243;][\/vc_column][\/vc_row][vc_row][vc_column][vc_text_separator title=&#8220;ST\u0158\u00cdBRN\u00dd PARTNER&#8220;][\/vc_column][\/vc_row][vc_row][vc_column width=&#8220;1\/3&#8243;][vc_single_image image=&#8220;2389&#8243; onclick=&#8220;custom_link&#8220; link=&#8220;https:\/\/www.blancone.cz&#8220;][\/vc_column][vc_column width=&#8220;1\/3&#8243;][vc_single_image image=&#8220;2426&#8243; onclick=&#8220;custom_link&#8220; link=&#8220;https:\/\/www.brumaba.com&#8220;][\/vc_column][vc_column width=&#8220;1\/3&#8243;][vc_single_image image=&#8220;2319&#8243; alignment=&#8220;center&#8220; onclick=&#8220;custom_link&#8220; link=&#8220;https:\/\/www.kavo.com\/cs-cz&#8220;][\/vc_column][\/vc_row][vc_row][vc_column width=&#8220;1\/3&#8243;][vc_single_image image=&#8220;2427&#8243; onclick=&#8220;custom_link&#8220; link=&#8220;https:\/\/dentalproject.cz&#8220;][\/vc_column][vc_column width=&#8220;1\/3&#8243;][vc_single_image image=&#8220;2428&#8243; onclick=&#8220;custom_link&#8220; link=&#8220;https:\/\/www.prodenta.cz&#8220;][vc_single_image image=&#8220;2430&#8243; onclick=&#8220;custom_link&#8220; [&hellip;]<\/p>\n","protected":false},"author":1,"featured_media":0,"parent":0,"menu_order":0,"comment_status":"closed","ping_status":"closed","template":"","meta":{"footnotes":""},"class_list":["post-421","page","type-page","status-publish","hentry"],"_links":{"self":[{"href":"https:\/\/www.updent.upol.cz\/index.php\/wp-json\/wp\/v2\/pages\/421","targetHints":{"allow":["GET"]}}],"collection":[{"href":"https:\/\/www.updent.upol.cz\/index.php\/wp-json\/wp\/v2\/pages"}],"about":[{"href":"https:\/\/www.updent.upol.cz\/index.php\/wp-json\/wp\/v2\/types\/page"}],"author":[{"embeddable":true,"href":"https:\/\/www.updent.upol.cz\/index.php\/wp-json\/wp\/v2\/users\/1"}],"replies":[{"embeddable":true,"href":"https:\/\/www.updent.upol.cz\/index.php\/wp-json\/wp\/v2\/comments?post=421"}],"version-history":[{"count":260,"href":"https:\/\/www.updent.upol.cz\/index.php\/wp-json\/wp\/v2\/pages\/421\/revisions"}],"predecessor-version":[{"id":2433,"href":"https:\/\/www.updent.upol.cz\/index.php\/wp-json\/wp\/v2\/pages\/421\/revisions\/2433"}],"wp:attachment":[{"href":"https:\/\/www.updent.upol.cz\/index.php\/wp-json\/wp\/v2\/media?parent=421"}],"curies":[{"name":"wp","href":"https:\/\/api.w.org\/{rel}","templated":true}]}}