{"id":390,"date":"2016-07-14T13:13:04","date_gmt":"2016-07-14T12:13:04","guid":{"rendered":"http:\/\/updent.upol.cz\/?page_id=390"},"modified":"2025-01-30T13:06:47","modified_gmt":"2025-01-30T12:06:47","slug":"prakticke-informace","status":"publish","type":"page","link":"https:\/\/www.updent.upol.cz\/index.php\/prakticke-informace\/","title":{"rendered":"Praktick\u00e9 informace"},"content":{"rendered":"<p>[vc_row bg_type=&#8220;no_bg&#8220; bg_image_size=&#8220;cover&#8220; bg_img_attach=&#8220;scroll&#8220; parallax_sense=&#8220;30&#8243; animation_direction=&#8220;left-animation&#8220; animation_repeat=&#8220;repeat&#8220; viewport_vdo=&#8220;off&#8220; enable_controls=&#8220;off&#8220; bg_override=&#8220;0&#8243; parallax_content_sense=&#8220;30&#8243; fadeout_start_effect=&#8220;30&#8243; overlay_pattern_opacity=&#8220;80&#8243; overlay_pattern_attachment=&#8220;fixed&#8220; multi_color_overlay_opacity=&#8220;60&#8243; seperator_type=&#8220;none_seperator&#8220; seperator_position=&#8220;top_seperator&#8220; seperator_shape_size=&#8220;40&#8243; seperator_svg_height=&#8220;60&#8243; seperator_shape_background=&#8220;#ffffff&#8220; seperator_shape_border=&#8220;none&#8220; seperator_shape_border_width=&#8220;1&#8243; icon_type=&#8220;no_icon&#8220; icon_size=&#8220;32&#8243; icon_style=&#8220;none&#8220; icon_color_border=&#8220;#333333&#8243; icon_border_size=&#8220;1&#8243; icon_border_radius=&#8220;500&#8243; icon_border_spacing=&#8220;50&#8243; img_width=&#8220;48&#8243; ult_hide_row_large_screen=&#8220;off&#8220; ult_hide_row_desktop=&#8220;off&#8220; ult_hide_row_tablet=&#8220;off&#8220; ult_hide_row_tablet_small=&#8220;off&#8220; ult_hide_row_mobile=&#8220;off&#8220; ult_hide_row_mobile_large=&#8220;off&#8220; id=&#8220;oprojektu&#8220;][vc_column][vc_column_text]<\/p>\n<p style=\"text-align: left;\" align=\"center\"><span style=\"font-size: 21px; font-family: georgia, palatino;\"><strong>DATUM A M\u00cdSTO KON\u00c1N\u00cd<\/strong><\/span><\/p>\n<p style=\"text-align: justify;\" align=\"center\"><span style=\"font-family: georgia, palatino;\">UPdent 2024 se bude konat o v\u00edkendu <strong>22. \u2013 23. \u00fanora 2025<\/strong>\u00a0v prostor\u00e1ch star\u00e9 budovy <strong>L\u00e9ka\u0159sk\u00e9 fakulty Univerzity Palack\u00e9ho<\/strong> na adrese Hn\u011bvot\u00ednsk\u00e1 976\/3, 775 15 Olomouc. Vch\u00e1zejte pros\u00edm vstupem naproti alergologie.<\/span><\/p>\n<p style=\"text-align: justify;\" align=\"center\"><iframe loading=\"lazy\" src=\"https:\/\/www.google.com\/maps\/d\/embed?mid=1kPXXPtc6xqP0xBKCnGyVlbF4PSI&amp;hl=cs\" width=\"640\" height=\"480\"><\/iframe><\/p>\n<p style=\"text-align: justify;\"><span style=\"font-family: georgia, palatino;\"><em>V lev\u00e9m horn\u00edm rohu mapy kliknut\u00edm na obrazovku s \u0161ipkou rozbal\u00edte li\u0161tu, kde si m\u016f\u017eete zobrazit dal\u0161\u00ed doporu\u010den\u00e1 m\u00edsta jako restaurace, kluby, ubytov\u00e1n\u00ed, bankomaty, obchody a jin\u00e9.\u00a0<\/em><\/span><\/p>\n<p class=\"p1\" style=\"text-align: left;\"><span style=\"font-size: 21px; color: #000000;\"><b>CENA<\/b><\/span><b><\/b><\/p>\n<p class=\"p2\">Kongresov\u00fd poplatek \u010din\u00ed (v\u010d. DPH):<\/p>\n<ul class=\"ul1\">\n<li class=\"li3\">990 K\u010d pro student(k)y<\/li>\n<li class=\"li3\">1 200 K\u010d pro doktorand(k)y<\/li>\n<li class=\"li3\">1 500 K\u010d pro profesion\u00e1ly s ukon\u010den\u00fdm vzd\u011bl\u00e1n\u00edm\u00a0\u2013 zubn\u00ed l\u00e9ka\u0159\/ka, dent\u00e1ln\u00ed hygienist(k)a, sestra, asistent\/ka aj.<\/li>\n<\/ul>\n<p class=\"p2\">Upozor\u0148ujeme, \u017ee cena uveden\u00e1 v\u00fd\u0161e nezahrnuje ob\u011bd\/y.<\/p>\n<p style=\"text-align: justify;\"><span style=\"font-size: 21px; font-family: georgia, palatino;\"><strong>DOPRAVA<\/strong><\/span><\/p>\n<p style=\"text-align: justify;\"><span style=\"font-size: 16px; font-family: georgia, palatino;\"><strong>P\u011a\u0160KY <\/strong><\/span><\/p>\n<p style=\"text-align: justify;\"><span style=\"font-family: georgia, palatino;\">Hlavn\u00ed n\u00e1dra\u017e\u00ed -&gt; L\u00e9ka\u0159sk\u00e1 fakulta \u2013 60 minut kr\u00e1sn\u00e9 proch\u00e1zky Olomouc\u00ed (viz mapa)<\/span><\/p>\n<p><span style=\"font-family: georgia, palatino;\"><strong>MHD<\/strong><\/span><\/p>\n<p><span style=\"font-family: georgia, palatino;\">J\u00edzdenky lze zakoupit v prodejn\u00edch automatech, p\u0159es sms, mobiln\u00ed aplikaci DPMO, aplikaci Sejf \u010di u \u0159idi\u010de (s p\u0159ir\u00e1\u017ekou 10 K\u010d).<\/span><\/p>\n<p><span style=\"font-family: georgia, palatino;\">Cena: student 40\/60 min &#8211; 20 K\u010d, dosp\u011bl\u00fd 40\/60 min &#8211; 20 K\u010d, student 24 h &#8211; 40 K\u010d (s pr\u016fkazem ISIC \u010di \u017e\u00e1kovsk\u00fdm pr\u016fkazem), dosp\u011bl\u00fd 24 h &#8211; 80 K\u010d<\/span><\/p>\n<p style=\"text-align: justify;\"><span style=\"font-family: georgia, palatino;\"><strong><span style=\"font-size: 13px;\">TRAMVAJ<\/span><br \/>\n<\/strong>Hlavn\u00ed n\u00e1dra\u017e\u00ed -&gt; V\u00fdstavi\u0161t\u011b Flora (linky 1, 4, 6) \u2013 L\u00e9ka\u0159sk\u00e1 fakulta je asi 10 minut p\u011b\u0161ky od zast\u00e1vky<\/span><\/p>\n<p style=\"text-align: justify;\"><span style=\"font-family: georgia, palatino;\"><strong><span style=\"font-size: 13px;\">AUTOBUS<\/span><br \/>\n<\/strong>Hlavn\u00ed n\u00e1dra\u017e\u00ed -&gt; Dvo\u0159\u00e1kova (linky 12, 19, 26)<\/span><br \/>\n<span style=\"font-family: georgia, palatino;\">Hlavn\u00ed n\u00e1dra\u017e\u00ed -&gt; L\u00e9ka\u0159sk\u00e1 fakulta (linka 21)<\/span><\/p>\n<p style=\"text-align: justify;\"><span style=\"font-family: georgia, palatino;\"><strong>AUTO<br \/>\n<\/strong>Neplacen\u00e9 parkovi\u0161t\u011b p\u0159\u00edmo u L\u00e9ka\u0159sk\u00e9 fakulty.<\/span><\/p>\n<p>&nbsp;<\/p>\n<p style=\"text-align: justify;\"><span style=\"font-family: georgia, palatino;\"><strong>RESTAURACE<\/strong><\/span><\/p>\n<ul style=\"text-align: justify;\">\n<li><span style=\"font-family: georgia, palatino; color: #993366;\"><a style=\"color: #993366;\" href=\"http:\/\/www.pizzapollo.cz\">Ristorante pollo\/pizza pollo<\/a><\/span><\/li>\n<li><span style=\"font-family: georgia, palatino; color: #993366;\"><a style=\"color: #993366;\" href=\"http:\/\/www.kamel-club.wixsite.com\/kamelclub\">Kamel club<\/a><\/span><\/li>\n<li><span style=\"font-family: georgia, palatino; color: #993366;\"><a style=\"color: #993366;\" href=\"http:\/\/www.kozlovnam3.cz\">Kozlovna M3<\/a><\/span><\/li>\n<li><span style=\"font-family: georgia, palatino; color: #993366;\"><a style=\"color: #993366;\" href=\"http:\/\/www.michalskyvypad.cz\">Michalsk\u00fd v\u00fdpad<\/a><\/span><\/li>\n<li><span style=\"font-family: georgia, palatino; color: #993366;\"><a style=\"color: #993366;\" href=\"http:\/\/www.morgansrestaurant.cz\">Morgan&#8217;s Restaurant<\/a><\/span><\/li>\n<li><span style=\"font-family: georgia, palatino; color: #993366;\"><a style=\"color: #993366;\" href=\"http:\/\/www.restauracedrapal.cz\">Dr\u00e1pal<\/a><\/span><\/li>\n<li><span style=\"font-family: georgia, palatino; color: #993366;\"><a style=\"color: #993366;\" href=\"http:\/\/www.ucervenehovolka.cz\">Restaurace U \u010derven\u00e9ho volka<\/a><\/span><\/li>\n<li><span style=\"font-family: georgia, palatino; color: #993366;\"><a style=\"color: #993366;\" href=\"https:\/\/www.facebook.com\/Restaurace-Sunrise-1694657104097065\/\">Sunrise<\/a><\/span><\/li>\n<li><span style=\"font-family: georgia, palatino; color: #993366;\"><a style=\"color: #993366;\" href=\"http:\/\/www.svatovaclavsky-pivovar.cz\">Svatov\u00e1clavsk\u00fd pivovar<\/a><\/span><\/li>\n<li><span style=\"font-family: georgia, palatino; color: #993366;\"><a style=\"color: #993366;\" href=\"http:\/\/www.svijansky-senk.cz\">Svijansk\u00fd \u0161enk<\/a><\/span><\/li>\n<li><span style=\"font-family: georgia, palatino; color: #993366;\"><a style=\"color: #993366;\" href=\"https:\/\/maisonviet.cz\/\">Maison Viet<\/a><\/span><\/li>\n<li><span style=\"font-family: georgia, palatino; color: #993366;\"><a style=\"color: #993366;\" href=\"https:\/\/www.facebook.com\/caphe.district\/\">C\u00e0 Ph\u00ea District<\/a><\/span><\/li>\n<\/ul>\n<p style=\"text-align: justify;\"><span style=\"font-family: georgia, palatino;\"><strong>PIVO &amp; V\u00cdNO<\/strong><\/span><\/p>\n<ul style=\"text-align: justify;\">\n<li><span style=\"font-family: georgia, palatino; color: #993366;\"><a style=\"color: #993366;\" href=\"http:\/\/www.hostinec-moritz.cz\">Hostinsk\u00fd pivovar Moritz<\/a><\/span><\/li>\n<li><span style=\"font-family: georgia, palatino; color: #993366;\"><a style=\"color: #993366;\" href=\"http:\/\/www.riegrovka.eu\">Riegrovka<\/a><\/span><\/li>\n<li><span style=\"font-family: georgia, palatino; color: #993366;\"><a style=\"color: #993366;\" href=\"http:\/\/www.restauracedrapal.cz\">Dr\u00e1pal<\/a><\/span><\/li>\n<li><span style=\"font-family: georgia, palatino; color: #993366;\"><a style=\"color: #993366;\" href=\"http:\/\/www.svijansky-senk.cz\">Svijansk\u00fd \u0161enk<\/a><\/span><\/li>\n<li><span style=\"font-family: georgia, palatino; color: #993366;\"><a style=\"color: #993366;\" href=\"http:\/\/www.kamel-club.wixsite.com\/kamelclub\">Kamel club<\/a><\/span><\/li>\n<li><span style=\"font-family: georgia, palatino; color: #993366;\"><a style=\"color: #993366;\" href=\"http:\/\/www.blackstuff.cz\">The Black Stuff<\/a><\/span><\/li>\n<li><span style=\"font-family: georgia, palatino; color: #993366;\"><a style=\"color: #993366;\" href=\"http:\/\/www.svatovaclavsky-pivovar.cz\">Svatov\u00e1clavsk\u00fd pivovar<\/a><\/span><\/li>\n<li><span style=\"font-family: georgia, palatino; color: #993366;\"><a style=\"color: #993366;\" href=\"http:\/\/www.bar-planb.cz\">Plan B<\/a><\/span><\/li>\n<li><span style=\"font-family: georgia, palatino; color: #993366;\"><a style=\"color: #993366;\" href=\"https:\/\/www.facebook.com\/justvertigothings\/\">Vertigo<\/a><\/span><\/li>\n<li><span style=\"font-family: georgia, palatino; color: #993366;\"><a style=\"color: #993366;\" href=\"http:\/\/www.riegrovka.eu\">Riegrovka<\/a><\/span><\/li>\n<li><span style=\"font-family: georgia, palatino; color: #993366;\"><a style=\"color: #993366;\" href=\"http:\/\/www.kozlovnam3.cz\">Kozlovna M3<\/a><\/span><\/li>\n<\/ul>\n<p class=\"p1\"><strong>Z\u00c1BAVA<\/strong><b><\/b><\/p>\n<p class=\"p2\"><b>TOMBOLA<\/b><b><\/b><\/p>\n<p class=\"p2\">Vzhledem k celkov\u00e9 organizaci jsme se rozhodli, \u017ee ruli\u010dkov\u00e1 i hlavn\u00ed losovac\u00ed tombola budou za\u0159azeny na konec sobotn\u00edho programu v prostor\u00e1ch fakulty. Ruli\u010dkov\u00e1 tombola\u00a0se bude prod\u00e1vat v sobotu o p\u0159est\u00e1vk\u00e1ch (budeme proch\u00e1zet po v\u00fdstavn\u00ed plo\u0161e), cena jedn\u00e9 ruli\u010dky bude\u00a0<b>20 K\u010d<\/b>. Po odbalen\u00ed ihned v\u00edte, zda vyhr\u00e1v\u00e1te. V\u00fddej cen bude prob\u00edhat v odpoledn\u00edm coffee breaku v prostor\u00e1ch u fotokoutku a \u0161atny.<\/p>\n<p class=\"p2\">Hlavn\u00ed losovac\u00ed tombola prob\u011bhne po posledn\u00ed p\u0159edn\u00e1\u0161ce v sobotu. L\u00edstek do hlavn\u00ed tomboly z\u00edsk\u00e1 ka\u017ed\u00fd \u00fa\u010dastn\u00edk p\u0159i registraci &#8211; bude shodn\u00fd s l\u00edstkem \u0161atny.<\/p>\n<p class=\"p2\"><b>VE\u010c\u00cdREK<\/b><b><\/b><\/p>\n<p class=\"p2\"><b>Ve\u010d\u00edrek, tak ten bude<\/b>! M\u00edstem kon\u00e1n\u00ed bude letos <a href=\"https:\/\/r6club.cz\/\">R6 club<\/a> v centru Olomouce! Od <b>21:00 h <\/b>bude pro prvn\u00edch 50 p\u0159\u00edchoz\u00edch, kte\u0159\u00ed se <b>prok\u00e1\u017e\u00ed visa\u010dkou UPdent<\/b>, p\u0159ichyst\u00e1n <b>welcome drink <\/b>a bude tam na v\u00e1s \u010dekat taky <b>ob\u010derstven\u00ed<\/b>. Ve\u010d\u00edrek bude velmi neform\u00e1ln\u00ed a s voln\u00fdm pr\u016fb\u011bhem, jeliko\u017e ceny z tomboly ji\u017e budou p\u0159ed\u00e1ny d\u0159\u00edve na fakult\u011b. P\u0159ij\u010fte se pobavit, jste v\u0161ichni v\u0159ele zv\u00e1ni!<\/p>\n<p class=\"p2\"><b>DAL\u0160\u00cd M\u00cdSTA K POBAVEN\u00cd:<\/b><b><\/b><\/p>\n<ul class=\"ul1\">\n<li class=\"li3\"><a href=\"http:\/\/www.s-klub.cz\/\"><span class=\"s1\">S-klub<\/span><\/a><\/li>\n<li class=\"li3\"><a href=\"https:\/\/www.facebook.com\/15minutclub\/\"><span class=\"s1\">15 Minut music club<\/span><\/a><\/li>\n<li class=\"li3\"><a href=\"http:\/\/www.belmondo.cz\/\"><span class=\"s1\">Belmondo club<\/span><\/a><\/li>\n<\/ul>\n<p style=\"text-align: justify;\"><span style=\"font-family: georgia, palatino;\"><strong><span style=\"font-size: 21px;\">UBYTOV\u00c1N\u00cd<\/span><br \/>\n<\/strong>Ubytov\u00e1n\u00ed si \u00fa\u010dastn\u00edci \u0159e\u0161\u00ed individu\u00e1ln\u011b. Zde je trocha inspirace pro ubytov\u00e1n\u00ed v bl\u00edzkosti m\u00edsta kon\u00e1n\u00ed kongresu.<\/span><\/p>\n<p style=\"text-align: justify;\"><span style=\"font-family: georgia, palatino;\"><strong>KOLEJE<\/strong><\/span><\/p>\n<p style=\"text-align: justify;\"><span style=\"font-family: georgia, palatino;\">Rezervaci ubytov\u00e1n\u00ed na kolej\u00edch lze vytvo\u0159it prost\u0159ednictv\u00edm formul\u00e1\u0159e na <span style=\"color: #993366;\"><a style=\"color: #993366;\" href=\"https:\/\/skm.upol.cz\/ubytovani\/rezervace\/\">webu kolej\u00ed<\/a><\/span> \u010di prost\u0159ednictv\u00edm e-mailu <em>hotel@upol.cz<\/em>. Cena samostatn\u00e9ho pokoje je 590 K\u010d\/osoba\/noc, p\u0159i obsazen\u00ed dv\u011bma osobami je poplatek 400 K\u010d\/osoba\/noc.\u00a0<strong>Poplatek se hrad\u00ed v \u010dase p\u0159\u00edjezdu p\u0159\u00edmo na recepci kolej\u00ed.<\/strong><\/span><\/p>\n<p style=\"text-align: justify;\"><span style=\"font-family: georgia, palatino;\"><strong>HOSTELY<\/strong><\/span><\/p>\n<ul style=\"text-align: justify;\">\n<li><span style=\"font-family: georgia, palatino; color: #993366;\"><a style=\"color: #993366;\" href=\"http:\/\/www.longstoryshort.cz\">Long Story Short Hostel<\/a><\/span><\/li>\n<li><span style=\"font-family: georgia, palatino; color: #993366;\"><a style=\"color: #993366;\" href=\"http:\/\/www.ubytovnamarie.cz\/\">Ubytovna Marie<\/a><\/span><\/li>\n<li><span style=\"font-family: georgia, palatino; color: #993366;\"><a style=\"color: #993366;\" href=\"https:\/\/www.airbnb.cz\/s\/Olomouc?s_tag=TM7N4Eiq&amp;allow_override%5B%5D=\">Airbnb Olomouc<\/a><\/span><\/li>\n<\/ul>\n<p style=\"text-align: justify;\"><span style=\"font-family: georgia, palatino;\"><strong>HOTELY<\/strong><\/span><\/p>\n<ul style=\"text-align: justify;\">\n<li><span style=\"font-family: georgia, palatino; color: #993366;\"><a style=\"color: #993366;\" href=\"http:\/\/www.arigone.cz\/\">Arigone<\/a><\/span><\/li>\n<li><span style=\"font-family: georgia, palatino; color: #993366;\"><a style=\"color: #993366;\" href=\"http:\/\/www.hotelflora.cz\">Flora<\/a><\/span><\/li>\n<li><span style=\"font-family: georgia, palatino; color: #993366;\"><a style=\"color: #993366;\" href=\"https:\/\/www.comforthotelolomouccentre.com\/cs\/\">Comfort Olomouc Centre<\/a><\/span><\/li>\n<li><span style=\"font-family: georgia, palatino; color: #993366;\"><a style=\"color: #993366;\" href=\"http:\/\/www.clarioncongresshotelolomouc.com\">Clarion Congress Hotel Olomouc<\/a><\/span><\/li>\n<li><span style=\"font-family: georgia, palatino; color: #993366;\"><a style=\"color: #993366;\" href=\"http:\/\/www.hotelpalac.cz\">Hotel Pal\u00e1c<\/a><\/span><\/li>\n<li><span style=\"font-family: georgia, palatino; color: #993366;\"><a style=\"color: #993366;\" href=\"http:\/\/www.hoteludomu.cz\">Hotel U D\u00f3mu<\/a><\/span><\/li>\n<\/ul>\n<p style=\"text-align: justify;\"><span style=\"font-size: 21px; font-family: georgia, palatino;\"><strong>STORNO PODM\u00cdNKY<\/strong><\/span><\/p>\n<p style=\"text-align: justify;\"><span style=\"font-family: georgia, palatino;\">Po zaplacen\u00ed faktury nen\u00ed storno mo\u017en\u00e9, \u00fa\u010dastn\u00edk za sebe m\u016f\u017ee naj\u00edt n\u00e1hradn\u00edka, na jeho\u017e jm\u00e9no bude registrace p\u0159eps\u00e1na.<\/span><\/p>\n<p style=\"text-align: justify;\"><span style=\"font-size: 21px; font-family: georgia, palatino;\"><strong>KONTAKT<\/strong><\/span><\/p>\n<ul>\n<li style=\"text-align: justify;\"><span style=\"font-family: georgia, palatino;\"><a href=\"https:\/\/www.facebook.com\/updentsoftskills\"><span style=\"color: #993366;\">facebook<\/span><\/a>, ud\u00e1lost <span style=\"color: #993366;\"><a style=\"color: #993366;\" href=\"https:\/\/fb.me\/e\/5VKNoljQu\">UPdent 2025<\/a><\/span><\/span><\/li>\n<li style=\"text-align: justify;\"><span style=\"font-family: georgia, palatino; color: #993366;\"><a style=\"color: #993366;\" href=\"https:\/\/www.instagram.com\/updent_softskills\/\">instagram<\/a><\/span><\/li>\n<li style=\"text-align: justify;\"><span style=\"font-family: georgia, palatino;\">e-mail <span style=\"color: #993366;\"><a style=\"color: #993366;\" href=\"mailto:updent@upol.cz\">updent@upol.cz<\/a><\/span><\/span><\/li>\n<\/ul>\n<p>[\/vc_column_text][\/vc_column][\/vc_row]<\/p>\n","protected":false},"excerpt":{"rendered":"<p>[vc_row bg_type=&#8220;no_bg&#8220; bg_image_size=&#8220;cover&#8220; bg_img_attach=&#8220;scroll&#8220; parallax_sense=&#8220;30&#8243; animation_direction=&#8220;left-animation&#8220; animation_repeat=&#8220;repeat&#8220; viewport_vdo=&#8220;off&#8220; enable_controls=&#8220;off&#8220; bg_override=&#8220;0&#8243; parallax_content_sense=&#8220;30&#8243; fadeout_start_effect=&#8220;30&#8243; overlay_pattern_opacity=&#8220;80&#8243; overlay_pattern_attachment=&#8220;fixed&#8220; multi_color_overlay_opacity=&#8220;60&#8243; seperator_type=&#8220;none_seperator&#8220; seperator_position=&#8220;top_seperator&#8220; seperator_shape_size=&#8220;40&#8243; seperator_svg_height=&#8220;60&#8243; seperator_shape_background=&#8220;#ffffff&#8220; seperator_shape_border=&#8220;none&#8220; seperator_shape_border_width=&#8220;1&#8243; icon_type=&#8220;no_icon&#8220; icon_size=&#8220;32&#8243; icon_style=&#8220;none&#8220; icon_color_border=&#8220;#333333&#8243; icon_border_size=&#8220;1&#8243; icon_border_radius=&#8220;500&#8243; icon_border_spacing=&#8220;50&#8243; img_width=&#8220;48&#8243; ult_hide_row_large_screen=&#8220;off&#8220; ult_hide_row_desktop=&#8220;off&#8220; ult_hide_row_tablet=&#8220;off&#8220; ult_hide_row_tablet_small=&#8220;off&#8220; ult_hide_row_mobile=&#8220;off&#8220; ult_hide_row_mobile_large=&#8220;off&#8220; id=&#8220;oprojektu&#8220;][vc_column][vc_column_text] DATUM A M\u00cdSTO KON\u00c1N\u00cd UPdent 2024 se bude konat o v\u00edkendu 22. \u2013 23. \u00fanora 2025\u00a0v prostor\u00e1ch star\u00e9 [&hellip;]<\/p>\n","protected":false},"author":1,"featured_media":0,"parent":0,"menu_order":0,"comment_status":"closed","ping_status":"closed","template":"","meta":{"footnotes":""},"class_list":["post-390","page","type-page","status-publish","hentry"],"_links":{"self":[{"href":"https:\/\/www.updent.upol.cz\/index.php\/wp-json\/wp\/v2\/pages\/390","targetHints":{"allow":["GET"]}}],"collection":[{"href":"https:\/\/www.updent.upol.cz\/index.php\/wp-json\/wp\/v2\/pages"}],"about":[{"href":"https:\/\/www.updent.upol.cz\/index.php\/wp-json\/wp\/v2\/types\/page"}],"author":[{"embeddable":true,"href":"https:\/\/www.updent.upol.cz\/index.php\/wp-json\/wp\/v2\/users\/1"}],"replies":[{"embeddable":true,"href":"https:\/\/www.updent.upol.cz\/index.php\/wp-json\/wp\/v2\/comments?post=390"}],"version-history":[{"count":104,"href":"https:\/\/www.updent.upol.cz\/index.php\/wp-json\/wp\/v2\/pages\/390\/revisions"}],"predecessor-version":[{"id":2329,"href":"https:\/\/www.updent.upol.cz\/index.php\/wp-json\/wp\/v2\/pages\/390\/revisions\/2329"}],"wp:attachment":[{"href":"https:\/\/www.updent.upol.cz\/index.php\/wp-json\/wp\/v2\/media?parent=390"}],"curies":[{"name":"wp","href":"https:\/\/api.w.org\/{rel}","templated":true}]}}